{"id":10,"date":"2026-01-23T11:13:08","date_gmt":"2026-01-23T11:13:08","guid":{"rendered":"https:\/\/baraiara.rkinformatika.online\/?page_id=10"},"modified":"2026-01-30T16:46:39","modified_gmt":"2026-01-30T16:46:39","slug":"inicio","status":"publish","type":"page","link":"https:\/\/baraiara.com\/eu\/","title":{"rendered":"Hasiera"},"content":{"rendered":"<div data-elementor-type=\"wp-page\" data-elementor-id=\"10\" class=\"elementor elementor-10\" data-elementor-post-type=\"page\">\n\t\t\t\t<div class=\"elementor-element elementor-element-cc6aea0 animated-slow e-con-full e-flex elementor-invisible e-con e-parent\" data-id=\"cc6aea0\" data-element_type=\"container\" data-e-type=\"container\" data-settings=\"{&quot;animation&quot;:&quot;fadeIn&quot;}\">\n\t\t<div class=\"elementor-element elementor-element-04f468e e-con-full e-flex elementor-invisible e-con e-child\" data-id=\"04f468e\" data-element_type=\"container\" data-e-type=\"container\" data-settings=\"{&quot;animation&quot;:&quot;fadeInLeft&quot;}\">\n\t\t<div class=\"elementor-element elementor-element-c96b5a6 e-con-full e-flex e-con e-child\" data-id=\"c96b5a6\" data-element_type=\"container\" data-e-type=\"container\">\n\t\t\t\t<div class=\"elementor-element elementor-element-c71ffe7 elementor-widget elementor-widget-heading\" data-id=\"c71ffe7\" data-element_type=\"widget\" data-e-type=\"widget\" data-widget_type=\"heading.default\">\n\t\t\t\t\t<h2 class=\"elementor-heading-title elementor-size-default\">Guri Buruz:<\/h2>\t\t\t\t<\/div>\n\t\t\t\t<div class=\"elementor-element elementor-element-5667feb elementor-widget elementor-widget-text-editor\" data-id=\"5667feb\" data-element_type=\"widget\" data-e-type=\"widget\" data-widget_type=\"text-editor.default\">\n\t\t\t\t\t\t\t\t\t<p>Ostalaritzaren sektorean 16 urteko esperientzia duen taberna bat gara, funtsezkoa denaz gozatzeko giro hurbil eta atsegina eskaintzen duena. Pintxo hotzetan espezializatzen gara, eta gure gildak nabarmentzen dira, baita kopak eta taberna tradizional bat definitzen duen guztia ere.<\/p><p>Trabajamos cada d\u00eda con un trato cercano y profesional, cuidando los detalles para que nuestros clientes se sientan c\u00f3modos y quieran volver.<\/p>\t\t\t\t\t\t\t\t<\/div>\n\t\t\t\t<div class=\"elementor-element elementor-element-7bee688 elementor-widget__width-initial elementor-widget elementor-widget-button\" data-id=\"7bee688\" data-element_type=\"widget\" data-e-type=\"widget\" data-widget_type=\"button.default\">\n\t\t\t\t\t\t\t\t\t\t<a class=\"elementor-button elementor-button-link elementor-size-sm elementor-animation-grow\" href=\"https:\/\/baraiara.com\/eu\/servicios\/\">\n\t\t\t\t\t\t<span class=\"elementor-button-content-wrapper\">\n\t\t\t\t\t\t\t\t\t<span class=\"elementor-button-text\">Zerbitzuak<\/span>\n\t\t\t\t\t<\/span>\n\t\t\t\t\t<\/a>\n\t\t\t\t\t\t\t\t<\/div>\n\t\t\t\t<\/div>\n\t\t\t\t<\/div>\n\t\t\t\t<\/div>\n\t\t\t\t<\/div>","protected":false},"excerpt":{"rendered":"<p>Sobre Nosotros: Somos un bar con 16 a\u00f1os de experiencia en el sector de la hosteler\u00eda, dedicado a ofrecer un ambiente cercano y agradable donde disfrutar de lo esencial. Nos especializamos en pintxos fr\u00edos, destacando nuestras gildas, adem\u00e1s de copas y todo lo que define a un bar tradicional. Trabajamos cada d\u00eda con un trato [&hellip;]<\/p>\n","protected":false},"author":1,"featured_media":0,"parent":0,"menu_order":0,"comment_status":"closed","ping_status":"closed","template":"elementor_canvas","meta":{"footnotes":""},"class_list":["post-10","page","type-page","status-publish","hentry"],"yoast_head":"<!-- This site is optimized with the Yoast SEO plugin v27.3 - https:\/\/yoast.com\/product\/yoast-seo-wordpress\/ -->\n<title>Inicio - Bar Aiara<\/title>\n<meta name=\"robots\" content=\"index, follow, max-snippet:-1, max-image-preview:large, max-video-preview:-1\" \/>\n<link rel=\"canonical\" href=\"https:\/\/baraiara.com\/eu\/\" \/>\n<meta property=\"og:locale\" content=\"en_US\" \/>\n<meta property=\"og:type\" content=\"article\" \/>\n<meta property=\"og:title\" content=\"Inicio - Bar Aiara\" \/>\n<meta property=\"og:description\" content=\"Sobre Nosotros: Somos un bar con 16 a\u00f1os de experiencia en el sector de la hosteler\u00eda, dedicado a ofrecer un ambiente cercano y agradable donde disfrutar de lo esencial. Nos especializamos en pintxos fr\u00edos, destacando nuestras gildas, adem\u00e1s de copas y todo lo que define a un bar tradicional. Trabajamos cada d\u00eda con un trato [&hellip;]\" \/>\n<meta property=\"og:url\" content=\"https:\/\/baraiara.com\/eu\/\" \/>\n<meta property=\"og:site_name\" content=\"Bar Aiara\" \/>\n<meta property=\"article:modified_time\" content=\"2026-01-30T16:46:39+00:00\" \/>\n<meta name=\"twitter:card\" content=\"summary_large_image\" \/>\n<meta name=\"twitter:label1\" content=\"Est. reading time\" \/>\n\t<meta name=\"twitter:data1\" content=\"1 minutua\" \/>\n<script type=\"application\/ld+json\" class=\"yoast-schema-graph\">{\"@context\":\"https:\\\/\\\/schema.org\",\"@graph\":[{\"@type\":\"WebPage\",\"@id\":\"https:\\\/\\\/baraiara.com\\\/\",\"url\":\"https:\\\/\\\/baraiara.com\\\/\",\"name\":\"Inicio - Bar Aiara\",\"isPartOf\":{\"@id\":\"https:\\\/\\\/baraiara.com\\\/#website\"},\"datePublished\":\"2026-01-23T11:13:08+00:00\",\"dateModified\":\"2026-01-30T16:46:39+00:00\",\"breadcrumb\":{\"@id\":\"https:\\\/\\\/baraiara.com\\\/#breadcrumb\"},\"inLanguage\":\"eu\",\"potentialAction\":[{\"@type\":\"ReadAction\",\"target\":[\"https:\\\/\\\/baraiara.com\\\/\"]}]},{\"@type\":\"BreadcrumbList\",\"@id\":\"https:\\\/\\\/baraiara.com\\\/#breadcrumb\",\"itemListElement\":[{\"@type\":\"ListItem\",\"position\":1,\"name\":\"Portada\",\"item\":\"https:\\\/\\\/baraiara.com\\\/\"},{\"@type\":\"ListItem\",\"position\":2,\"name\":\"Inicio\"}]},{\"@type\":\"WebSite\",\"@id\":\"https:\\\/\\\/baraiara.com\\\/#website\",\"url\":\"https:\\\/\\\/baraiara.com\\\/\",\"name\":\"Bar Aiara\",\"description\":\"\",\"publisher\":{\"@id\":\"https:\\\/\\\/baraiara.com\\\/#organization\"},\"potentialAction\":[{\"@type\":\"SearchAction\",\"target\":{\"@type\":\"EntryPoint\",\"urlTemplate\":\"https:\\\/\\\/baraiara.com\\\/?s={search_term_string}\"},\"query-input\":{\"@type\":\"PropertyValueSpecification\",\"valueRequired\":true,\"valueName\":\"search_term_string\"}}],\"inLanguage\":\"eu\"},{\"@type\":\"Organization\",\"@id\":\"https:\\\/\\\/baraiara.com\\\/#organization\",\"name\":\"Bar Aiara\",\"url\":\"https:\\\/\\\/baraiara.com\\\/\",\"logo\":{\"@type\":\"ImageObject\",\"inLanguage\":\"eu\",\"@id\":\"https:\\\/\\\/baraiara.com\\\/#\\\/schema\\\/logo\\\/image\\\/\",\"url\":\"https:\\\/\\\/baraiara.com\\\/wp-content\\\/uploads\\\/2026\\\/01\\\/cropped-aallabrahim202508a_logo_web.png\",\"contentUrl\":\"https:\\\/\\\/baraiara.com\\\/wp-content\\\/uploads\\\/2026\\\/01\\\/cropped-aallabrahim202508a_logo_web.png\",\"width\":2249,\"height\":1612,\"caption\":\"Bar Aiara\"},\"image\":{\"@id\":\"https:\\\/\\\/baraiara.com\\\/#\\\/schema\\\/logo\\\/image\\\/\"}}]}<\/script>\n<!-- \/ Yoast SEO plugin. -->","yoast_head_json":{"title":"Inicio - Bar Aiara","robots":{"index":"index","follow":"follow","max-snippet":"max-snippet:-1","max-image-preview":"max-image-preview:large","max-video-preview":"max-video-preview:-1"},"canonical":"https:\/\/baraiara.com\/eu\/","og_locale":"en_US","og_type":"article","og_title":"Inicio - Bar Aiara","og_description":"Sobre Nosotros: Somos un bar con 16 a\u00f1os de experiencia en el sector de la hosteler\u00eda, dedicado a ofrecer un ambiente cercano y agradable donde disfrutar de lo esencial. Nos especializamos en pintxos fr\u00edos, destacando nuestras gildas, adem\u00e1s de copas y todo lo que define a un bar tradicional. Trabajamos cada d\u00eda con un trato [&hellip;]","og_url":"https:\/\/baraiara.com\/eu\/","og_site_name":"Bar Aiara","article_modified_time":"2026-01-30T16:46:39+00:00","twitter_card":"summary_large_image","twitter_misc":{"Est. reading time":"1 minutua"},"schema":{"@context":"https:\/\/schema.org","@graph":[{"@type":"WebPage","@id":"https:\/\/baraiara.com\/","url":"https:\/\/baraiara.com\/","name":"Inicio - Bar Aiara","isPartOf":{"@id":"https:\/\/baraiara.com\/#website"},"datePublished":"2026-01-23T11:13:08+00:00","dateModified":"2026-01-30T16:46:39+00:00","breadcrumb":{"@id":"https:\/\/baraiara.com\/#breadcrumb"},"inLanguage":"eu","potentialAction":[{"@type":"ReadAction","target":["https:\/\/baraiara.com\/"]}]},{"@type":"BreadcrumbList","@id":"https:\/\/baraiara.com\/#breadcrumb","itemListElement":[{"@type":"ListItem","position":1,"name":"Portada","item":"https:\/\/baraiara.com\/"},{"@type":"ListItem","position":2,"name":"Inicio"}]},{"@type":"WebSite","@id":"https:\/\/baraiara.com\/#website","url":"https:\/\/baraiara.com\/","name":"Bar Aiara","description":"","publisher":{"@id":"https:\/\/baraiara.com\/#organization"},"potentialAction":[{"@type":"SearchAction","target":{"@type":"EntryPoint","urlTemplate":"https:\/\/baraiara.com\/?s={search_term_string}"},"query-input":{"@type":"PropertyValueSpecification","valueRequired":true,"valueName":"search_term_string"}}],"inLanguage":"eu"},{"@type":"Organization","@id":"https:\/\/baraiara.com\/#organization","name":"Bar Aiara","url":"https:\/\/baraiara.com\/","logo":{"@type":"ImageObject","inLanguage":"eu","@id":"https:\/\/baraiara.com\/#\/schema\/logo\/image\/","url":"https:\/\/baraiara.com\/wp-content\/uploads\/2026\/01\/cropped-aallabrahim202508a_logo_web.png","contentUrl":"https:\/\/baraiara.com\/wp-content\/uploads\/2026\/01\/cropped-aallabrahim202508a_logo_web.png","width":2249,"height":1612,"caption":"Bar Aiara"},"image":{"@id":"https:\/\/baraiara.com\/#\/schema\/logo\/image\/"}}]}},"_links":{"self":[{"href":"https:\/\/baraiara.com\/eu\/wp-json\/wp\/v2\/pages\/10","targetHints":{"allow":["GET"]}}],"collection":[{"href":"https:\/\/baraiara.com\/eu\/wp-json\/wp\/v2\/pages"}],"about":[{"href":"https:\/\/baraiara.com\/eu\/wp-json\/wp\/v2\/types\/page"}],"author":[{"embeddable":true,"href":"https:\/\/baraiara.com\/eu\/wp-json\/wp\/v2\/users\/1"}],"replies":[{"embeddable":true,"href":"https:\/\/baraiara.com\/eu\/wp-json\/wp\/v2\/comments?post=10"}],"version-history":[{"count":112,"href":"https:\/\/baraiara.com\/eu\/wp-json\/wp\/v2\/pages\/10\/revisions"}],"predecessor-version":[{"id":331,"href":"https:\/\/baraiara.com\/eu\/wp-json\/wp\/v2\/pages\/10\/revisions\/331"}],"wp:attachment":[{"href":"https:\/\/baraiara.com\/eu\/wp-json\/wp\/v2\/media?parent=10"}],"curies":[{"name":"wp","href":"https:\/\/api.w.org\/{rel}","templated":true}]}}