{"id":13,"date":"2026-01-23T11:16:09","date_gmt":"2026-01-23T11:16:09","guid":{"rendered":"https:\/\/baraiara.rkinformatika.online\/?page_id=13"},"modified":"2026-01-26T07:57:51","modified_gmt":"2026-01-26T07:57:51","slug":"servicios","status":"publish","type":"page","link":"https:\/\/baraiara.com\/eu\/servicios\/","title":{"rendered":"Zerbitzuak"},"content":{"rendered":"<div data-elementor-type=\"wp-page\" data-elementor-id=\"13\" class=\"elementor elementor-13\" data-elementor-post-type=\"page\">\n\t\t\t\t<div class=\"elementor-element elementor-element-2013823 e-flex e-con-boxed e-con e-parent\" data-id=\"2013823\" data-element_type=\"container\" data-e-type=\"container\">\n\t\t\t\t\t<div class=\"e-con-inner\">\n\t\t<div class=\"elementor-element elementor-element-f3e1bb3 e-con-full animated-slow e-flex elementor-invisible e-con e-child\" data-id=\"f3e1bb3\" data-element_type=\"container\" data-e-type=\"container\" data-settings=\"{&quot;animation&quot;:&quot;fadeInLeft&quot;}\">\n\t\t\t\t<div class=\"elementor-element elementor-element-95d4fe1 elementor-widget elementor-widget-heading\" data-id=\"95d4fe1\" data-element_type=\"widget\" data-e-type=\"widget\" data-widget_type=\"heading.default\">\n\t\t\t\t\t<h2 class=\"elementor-heading-title elementor-size-default\">Bar y Hosteler\u00eda<\/h2>\t\t\t\t<\/div>\n\t\t\t\t<div class=\"elementor-element elementor-element-10984a2 elementor-widget elementor-widget-text-editor\" data-id=\"10984a2\" data-element_type=\"widget\" data-e-type=\"widget\" data-widget_type=\"text-editor.default\">\n\t\t\t\t\t\t\t\t\t<p>Ofrecemos un espacio acogedor para disfrutar de buenos momentos en un ambiente cercano y agradable.<\/p>\t\t\t\t\t\t\t\t<\/div>\n\t\t\t\t<\/div>\n\t\t<div class=\"elementor-element elementor-element-7f1cf55 e-con-full animated-slow e-flex elementor-invisible e-con e-child\" data-id=\"7f1cf55\" data-element_type=\"container\" data-e-type=\"container\" data-settings=\"{&quot;animation&quot;:&quot;fadeInRight&quot;}\">\n\t\t\t\t<div class=\"elementor-element elementor-element-c21e371 elementor-widget elementor-widget-heading\" data-id=\"c21e371\" data-element_type=\"widget\" data-e-type=\"widget\" data-widget_type=\"heading.default\">\n\t\t\t\t\t<h2 class=\"elementor-heading-title elementor-size-default\">Pintxos fr\u00edos\n<\/h2>\t\t\t\t<\/div>\n\t\t\t\t<div class=\"elementor-element elementor-element-37bff25 elementor-widget elementor-widget-text-editor\" data-id=\"37bff25\" data-element_type=\"widget\" data-e-type=\"widget\" data-widget_type=\"text-editor.default\">\n\t\t\t\t\t\t\t\t\t<p data-start=\"315\" data-end=\"432\">Especialistas en gildas, preparadas de forma tradicional y perfectas para acompa\u00f1ar un aperitivo.<\/p>\t\t\t\t\t\t\t\t<\/div>\n\t\t\t\t<\/div>\n\t\t<div class=\"elementor-element elementor-element-cfc1168 e-con-full animated-slow e-flex elementor-invisible e-con e-child\" data-id=\"cfc1168\" data-element_type=\"container\" data-e-type=\"container\" data-settings=\"{&quot;animation&quot;:&quot;fadeInLeft&quot;}\">\n\t\t\t\t<div class=\"elementor-element elementor-element-eb66ebe elementor-widget elementor-widget-heading\" data-id=\"eb66ebe\" data-element_type=\"widget\" data-e-type=\"widget\" data-widget_type=\"heading.default\">\n\t\t\t\t\t<h2 class=\"elementor-heading-title elementor-size-default\">Copas y bebidas\n\n<\/h2>\t\t\t\t<\/div>\n\t\t\t\t<div class=\"elementor-element elementor-element-3c1ca10 elementor-widget elementor-widget-text-editor\" data-id=\"3c1ca10\" data-element_type=\"widget\" data-e-type=\"widget\" data-widget_type=\"text-editor.default\">\n\t\t\t\t\t\t\t\t\t<p data-start=\"434\" data-end=\"532\">Amplia variedad de copas, refrescos, cervezas y vinos para todos los gustos.<\/p>\t\t\t\t\t\t\t\t<\/div>\n\t\t\t\t<\/div>\n\t\t<div class=\"elementor-element elementor-element-c7c482e e-con-full animated-slow e-flex elementor-invisible e-con e-child\" data-id=\"c7c482e\" data-element_type=\"container\" data-e-type=\"container\" data-settings=\"{&quot;animation&quot;:&quot;fadeInRight&quot;}\">\n\t\t\t\t<div class=\"elementor-element elementor-element-9fcd425 elementor-widget elementor-widget-heading\" data-id=\"9fcd425\" data-element_type=\"widget\" data-e-type=\"widget\" data-widget_type=\"heading.default\">\n\t\t\t\t\t<h2 class=\"elementor-heading-title elementor-size-default\">Aperitivos y encuentros\n<\/h2>\t\t\t\t<\/div>\n\t\t\t\t<div class=\"elementor-element elementor-element-3b9b4a8 elementor-widget elementor-widget-text-editor\" data-id=\"3b9b4a8\" data-element_type=\"widget\" data-e-type=\"widget\" data-widget_type=\"text-editor.default\">\n\t\t\t\t\t\t\t\t\t<p data-start=\"534\" data-end=\"660\">El lugar ideal para quedar con amigos, relajarse y disfrutar de lo que hace \u00fanico a un buen bar.<\/p>\t\t\t\t\t\t\t\t<\/div>\n\t\t\t\t<\/div>\n\t\t<div class=\"elementor-element elementor-element-3960844 e-con-full e-flex e-con e-child\" data-id=\"3960844\" data-element_type=\"container\" data-e-type=\"container\">\n\t\t\t\t<div class=\"elementor-element elementor-element-af01b15 animated-slow elementor-invisible elementor-widget elementor-widget-heading\" data-id=\"af01b15\" data-element_type=\"widget\" data-e-type=\"widget\" data-settings=\"{&quot;_animation&quot;:&quot;fadeInDown&quot;}\" data-widget_type=\"heading.default\">\n\t\t\t\t\t<h2 class=\"elementor-heading-title elementor-size-default\"><strong data-start=\"167\" data-end=\"189\">Nuestros Servicios<\/strong><\/h2>\t\t\t\t<\/div>\n\t\t\t\t<\/div>\n\t\t<div class=\"elementor-element elementor-element-76f52f8 e-con-full animated-slow e-flex elementor-invisible e-con e-child\" data-id=\"76f52f8\" data-element_type=\"container\" data-e-type=\"container\" data-settings=\"{&quot;animation&quot;:&quot;fadeInUp&quot;}\">\n\t\t\t\t<div class=\"elementor-element elementor-element-c495b68 elementor-widget__width-initial elementor-widget elementor-widget-button\" data-id=\"c495b68\" data-element_type=\"widget\" data-e-type=\"widget\" data-widget_type=\"button.default\">\n\t\t\t\t\t\t\t\t\t\t<a class=\"elementor-button elementor-button-link elementor-size-sm elementor-animation-grow\" href=\"https:\/\/baraiara.com\/eu\/contacto\/\">\n\t\t\t\t\t\t<span class=\"elementor-button-content-wrapper\">\n\t\t\t\t\t\t\t\t\t<span class=\"elementor-button-text\">Kontaktua<\/span>\n\t\t\t\t\t<\/span>\n\t\t\t\t\t<\/a>\n\t\t\t\t\t\t\t\t<\/div>\n\t\t\t\t<\/div>\n\t\t\t\t\t<\/div>\n\t\t\t\t<\/div>\n\t\t<div class=\"elementor-element elementor-element-e9caeec e-flex e-con-boxed e-con e-parent\" data-id=\"e9caeec\" data-element_type=\"container\" data-e-type=\"container\" data-settings=\"{&quot;background_background&quot;:&quot;video&quot;,&quot;background_video_link&quot;:&quot;https:\\\/\\\/baraiara.com\\\/wp-content\\\/uploads\\\/2026\\\/01\\\/0_Bean_Brazil_1280x720.mp4&quot;,&quot;background_play_on_mobile&quot;:&quot;yes&quot;}\">\n\t\t\t\t\t<div class=\"e-con-inner\">\n\t\t<div class=\"elementor-background-video-container\">\n\t\t\t\t\t\t\t<video class=\"elementor-background-video-hosted\" role=\"presentation\" autoplay muted playsinline loop><\/video>\n\t\t\t\t\t<\/div>\t\t\t<\/div>\n\t\t\t\t<\/div>\n\t\t\t\t<\/div>","protected":false},"excerpt":{"rendered":"<p>Bar y Hosteler\u00eda Ofrecemos un espacio acogedor para disfrutar de buenos momentos en un ambiente cercano y agradable. Pintxos fr\u00edos Especialistas en gildas, preparadas de forma tradicional y perfectas para acompa\u00f1ar un aperitivo. Copas y bebidas Amplia variedad de copas, refrescos, cervezas y vinos para todos los gustos. Aperitivos y encuentros El lugar ideal para [&hellip;]<\/p>\n","protected":false},"author":1,"featured_media":0,"parent":0,"menu_order":0,"comment_status":"closed","ping_status":"closed","template":"elementor_canvas","meta":{"footnotes":""},"class_list":["post-13","page","type-page","status-publish","hentry"],"yoast_head":"<!-- This site is optimized with the Yoast SEO plugin v27.3 - https:\/\/yoast.com\/product\/yoast-seo-wordpress\/ -->\n<title>Servicios - Bar Aiara<\/title>\n<meta name=\"robots\" content=\"index, follow, max-snippet:-1, max-image-preview:large, max-video-preview:-1\" \/>\n<link rel=\"canonical\" href=\"https:\/\/baraiara.com\/eu\/servicios\/\" \/>\n<meta property=\"og:locale\" content=\"en_US\" \/>\n<meta property=\"og:type\" content=\"article\" \/>\n<meta property=\"og:title\" content=\"Servicios - Bar Aiara\" \/>\n<meta property=\"og:description\" content=\"Bar y Hosteler\u00eda Ofrecemos un espacio acogedor para disfrutar de buenos momentos en un ambiente cercano y agradable. Pintxos fr\u00edos Especialistas en gildas, preparadas de forma tradicional y perfectas para acompa\u00f1ar un aperitivo. Copas y bebidas Amplia variedad de copas, refrescos, cervezas y vinos para todos los gustos. Aperitivos y encuentros El lugar ideal para [&hellip;]\" \/>\n<meta property=\"og:url\" content=\"https:\/\/baraiara.com\/eu\/servicios\/\" \/>\n<meta property=\"og:site_name\" content=\"Bar Aiara\" \/>\n<meta property=\"article:modified_time\" content=\"2026-01-26T07:57:51+00:00\" \/>\n<meta name=\"twitter:card\" content=\"summary_large_image\" \/>\n<meta name=\"twitter:label1\" content=\"Est. reading time\" \/>\n\t<meta name=\"twitter:data1\" content=\"1 minutua\" \/>\n<script type=\"application\/ld+json\" class=\"yoast-schema-graph\">{\"@context\":\"https:\\\/\\\/schema.org\",\"@graph\":[{\"@type\":\"WebPage\",\"@id\":\"https:\\\/\\\/baraiara.com\\\/servicios\\\/\",\"url\":\"https:\\\/\\\/baraiara.com\\\/servicios\\\/\",\"name\":\"Servicios - Bar Aiara\",\"isPartOf\":{\"@id\":\"https:\\\/\\\/baraiara.com\\\/#website\"},\"datePublished\":\"2026-01-23T11:16:09+00:00\",\"dateModified\":\"2026-01-26T07:57:51+00:00\",\"breadcrumb\":{\"@id\":\"https:\\\/\\\/baraiara.com\\\/servicios\\\/#breadcrumb\"},\"inLanguage\":\"eu\",\"potentialAction\":[{\"@type\":\"ReadAction\",\"target\":[\"https:\\\/\\\/baraiara.com\\\/servicios\\\/\"]}]},{\"@type\":\"BreadcrumbList\",\"@id\":\"https:\\\/\\\/baraiara.com\\\/servicios\\\/#breadcrumb\",\"itemListElement\":[{\"@type\":\"ListItem\",\"position\":1,\"name\":\"Portada\",\"item\":\"https:\\\/\\\/baraiara.com\\\/\"},{\"@type\":\"ListItem\",\"position\":2,\"name\":\"Servicios\"}]},{\"@type\":\"WebSite\",\"@id\":\"https:\\\/\\\/baraiara.com\\\/#website\",\"url\":\"https:\\\/\\\/baraiara.com\\\/\",\"name\":\"Bar Aiara\",\"description\":\"\",\"publisher\":{\"@id\":\"https:\\\/\\\/baraiara.com\\\/#organization\"},\"potentialAction\":[{\"@type\":\"SearchAction\",\"target\":{\"@type\":\"EntryPoint\",\"urlTemplate\":\"https:\\\/\\\/baraiara.com\\\/?s={search_term_string}\"},\"query-input\":{\"@type\":\"PropertyValueSpecification\",\"valueRequired\":true,\"valueName\":\"search_term_string\"}}],\"inLanguage\":\"eu\"},{\"@type\":\"Organization\",\"@id\":\"https:\\\/\\\/baraiara.com\\\/#organization\",\"name\":\"Bar Aiara\",\"url\":\"https:\\\/\\\/baraiara.com\\\/\",\"logo\":{\"@type\":\"ImageObject\",\"inLanguage\":\"eu\",\"@id\":\"https:\\\/\\\/baraiara.com\\\/#\\\/schema\\\/logo\\\/image\\\/\",\"url\":\"https:\\\/\\\/baraiara.com\\\/wp-content\\\/uploads\\\/2026\\\/01\\\/cropped-aallabrahim202508a_logo_web.png\",\"contentUrl\":\"https:\\\/\\\/baraiara.com\\\/wp-content\\\/uploads\\\/2026\\\/01\\\/cropped-aallabrahim202508a_logo_web.png\",\"width\":2249,\"height\":1612,\"caption\":\"Bar Aiara\"},\"image\":{\"@id\":\"https:\\\/\\\/baraiara.com\\\/#\\\/schema\\\/logo\\\/image\\\/\"}}]}<\/script>\n<!-- \/ Yoast SEO plugin. -->","yoast_head_json":{"title":"Servicios - Bar Aiara","robots":{"index":"index","follow":"follow","max-snippet":"max-snippet:-1","max-image-preview":"max-image-preview:large","max-video-preview":"max-video-preview:-1"},"canonical":"https:\/\/baraiara.com\/eu\/servicios\/","og_locale":"en_US","og_type":"article","og_title":"Servicios - Bar Aiara","og_description":"Bar y Hosteler\u00eda Ofrecemos un espacio acogedor para disfrutar de buenos momentos en un ambiente cercano y agradable. Pintxos fr\u00edos Especialistas en gildas, preparadas de forma tradicional y perfectas para acompa\u00f1ar un aperitivo. Copas y bebidas Amplia variedad de copas, refrescos, cervezas y vinos para todos los gustos. Aperitivos y encuentros El lugar ideal para [&hellip;]","og_url":"https:\/\/baraiara.com\/eu\/servicios\/","og_site_name":"Bar Aiara","article_modified_time":"2026-01-26T07:57:51+00:00","twitter_card":"summary_large_image","twitter_misc":{"Est. reading time":"1 minutua"},"schema":{"@context":"https:\/\/schema.org","@graph":[{"@type":"WebPage","@id":"https:\/\/baraiara.com\/servicios\/","url":"https:\/\/baraiara.com\/servicios\/","name":"Servicios - Bar Aiara","isPartOf":{"@id":"https:\/\/baraiara.com\/#website"},"datePublished":"2026-01-23T11:16:09+00:00","dateModified":"2026-01-26T07:57:51+00:00","breadcrumb":{"@id":"https:\/\/baraiara.com\/servicios\/#breadcrumb"},"inLanguage":"eu","potentialAction":[{"@type":"ReadAction","target":["https:\/\/baraiara.com\/servicios\/"]}]},{"@type":"BreadcrumbList","@id":"https:\/\/baraiara.com\/servicios\/#breadcrumb","itemListElement":[{"@type":"ListItem","position":1,"name":"Portada","item":"https:\/\/baraiara.com\/"},{"@type":"ListItem","position":2,"name":"Servicios"}]},{"@type":"WebSite","@id":"https:\/\/baraiara.com\/#website","url":"https:\/\/baraiara.com\/","name":"Bar Aiara","description":"","publisher":{"@id":"https:\/\/baraiara.com\/#organization"},"potentialAction":[{"@type":"SearchAction","target":{"@type":"EntryPoint","urlTemplate":"https:\/\/baraiara.com\/?s={search_term_string}"},"query-input":{"@type":"PropertyValueSpecification","valueRequired":true,"valueName":"search_term_string"}}],"inLanguage":"eu"},{"@type":"Organization","@id":"https:\/\/baraiara.com\/#organization","name":"Bar Aiara","url":"https:\/\/baraiara.com\/","logo":{"@type":"ImageObject","inLanguage":"eu","@id":"https:\/\/baraiara.com\/#\/schema\/logo\/image\/","url":"https:\/\/baraiara.com\/wp-content\/uploads\/2026\/01\/cropped-aallabrahim202508a_logo_web.png","contentUrl":"https:\/\/baraiara.com\/wp-content\/uploads\/2026\/01\/cropped-aallabrahim202508a_logo_web.png","width":2249,"height":1612,"caption":"Bar Aiara"},"image":{"@id":"https:\/\/baraiara.com\/#\/schema\/logo\/image\/"}}]}},"_links":{"self":[{"href":"https:\/\/baraiara.com\/eu\/wp-json\/wp\/v2\/pages\/13","targetHints":{"allow":["GET"]}}],"collection":[{"href":"https:\/\/baraiara.com\/eu\/wp-json\/wp\/v2\/pages"}],"about":[{"href":"https:\/\/baraiara.com\/eu\/wp-json\/wp\/v2\/types\/page"}],"author":[{"embeddable":true,"href":"https:\/\/baraiara.com\/eu\/wp-json\/wp\/v2\/users\/1"}],"replies":[{"embeddable":true,"href":"https:\/\/baraiara.com\/eu\/wp-json\/wp\/v2\/comments?post=13"}],"version-history":[{"count":85,"href":"https:\/\/baraiara.com\/eu\/wp-json\/wp\/v2\/pages\/13\/revisions"}],"predecessor-version":[{"id":314,"href":"https:\/\/baraiara.com\/eu\/wp-json\/wp\/v2\/pages\/13\/revisions\/314"}],"wp:attachment":[{"href":"https:\/\/baraiara.com\/eu\/wp-json\/wp\/v2\/media?parent=13"}],"curies":[{"name":"wp","href":"https:\/\/api.w.org\/{rel}","templated":true}]}}